{"id":2016,"date":"2021-02-12T13:39:09","date_gmt":"2021-02-12T13:39:09","guid":{"rendered":"https:\/\/doublecare.violeta.com\/?post_type=product&#038;p=2016"},"modified":"2023-04-19T08:55:12","modified_gmt":"2023-04-19T08:55:12","slug":"premium-otroski-vlazilni-robcki","status":"publish","type":"product","link":"https:\/\/doublecare.violeta.com\/sl\/product\/premium-otroski-vlazilni-robcki\/","title":{"rendered":"Premium Otro\u0161ki <br> Vla\u017eilni  Rob\u010dki"},"content":{"rendered":"","protected":false},"excerpt":{"rendered":"<p>Dojen\u010dkova ko\u017ea je kar 5x tanj\u0161a od odrasle in nima tako dobro razvitih obrambnih mehanizmov.  Zato zahteva najvi\u0161jo stopnjo \u010disto\u010de. S tem v mislih smo ustvarili nove, \u0161e mehkej\u0161e Premium otro\u0161ke vla\u017eilne rob\u010dke.<\/p>\n","protected":false},"featured_media":4709,"parent":0,"menu_order":5,"template":"","acf":[],"yoast_head":"<!-- This site is optimized with the Yoast SEO plugin v21.0 - https:\/\/yoast.com\/wordpress\/plugins\/seo\/ -->\n<title>Premium Otro\u0161ki  Vla\u017eilni Rob\u010dki - Violeta Double Care<\/title>\n<meta name=\"robots\" content=\"index, follow, max-snippet:-1, max-image-preview:large, max-video-preview:-1\" \/>\n<link rel=\"canonical\" href=\"https:\/\/doublecare.violeta.com\/sl\/product\/premium-otroski-vlazilni-robcki\/\" \/>\n<meta property=\"og:locale\" content=\"sl_SI\" \/>\n<meta property=\"og:type\" content=\"article\" \/>\n<meta property=\"og:title\" content=\"Premium Otro\u0161ki  Vla\u017eilni Rob\u010dki - Violeta Double Care\" \/>\n<meta property=\"og:description\" content=\"Dojen\u010dkova ko\u017ea je kar 5x tanj\u0161a od odrasle in nima tako dobro razvitih obrambnih mehanizmov. Zato zahteva najvi\u0161jo stopnjo \u010disto\u010de. S tem v mislih smo ustvarili nove, \u0161e mehkej\u0161e Premium otro\u0161ke vla\u017eilne rob\u010dke.\" \/>\n<meta property=\"og:url\" content=\"https:\/\/doublecare.violeta.com\/sl\/product\/premium-otroski-vlazilni-robcki\/\" \/>\n<meta property=\"og:site_name\" content=\"Violeta Double Care\" \/>\n<meta property=\"article:modified_time\" content=\"2023-04-19T08:55:12+00:00\" \/>\n<meta property=\"og:image\" content=\"https:\/\/doublecare.violeta.com\/wp-content\/uploads\/2021\/02\/doublecare-5-times-filtered-water-claim-for-baby-bijele-maramice.webp\" \/>\n\t<meta property=\"og:image:width\" content=\"456\" \/>\n\t<meta property=\"og:image:height\" content=\"456\" \/>\n\t<meta property=\"og:image:type\" content=\"image\/webp\" \/>\n<meta name=\"twitter:card\" content=\"summary_large_image\" \/>\n<script type=\"application\/ld+json\" class=\"yoast-schema-graph\">{\"@context\":\"https:\/\/schema.org\",\"@graph\":[{\"@type\":\"WebPage\",\"@id\":\"https:\/\/doublecare.violeta.com\/sl\/product\/premium-otroski-vlazilni-robcki\/\",\"url\":\"https:\/\/doublecare.violeta.com\/sl\/product\/premium-otroski-vlazilni-robcki\/\",\"name\":\"Premium Otro\u0161ki Vla\u017eilni Rob\u010dki - Violeta Double Care\",\"isPartOf\":{\"@id\":\"https:\/\/doublecare.violeta.com\/#website\"},\"datePublished\":\"2021-02-12T13:39:09+00:00\",\"dateModified\":\"2023-04-19T08:55:12+00:00\",\"breadcrumb\":{\"@id\":\"https:\/\/doublecare.violeta.com\/sl\/product\/premium-otroski-vlazilni-robcki\/#breadcrumb\"},\"inLanguage\":\"sl-SI\",\"potentialAction\":[{\"@type\":\"ReadAction\",\"target\":[\"https:\/\/doublecare.violeta.com\/sl\/product\/premium-otroski-vlazilni-robcki\/\"]}]},{\"@type\":\"BreadcrumbList\",\"@id\":\"https:\/\/doublecare.violeta.com\/sl\/product\/premium-otroski-vlazilni-robcki\/#breadcrumb\",\"itemListElement\":[{\"@type\":\"ListItem\",\"position\":1,\"name\":\"Po\u010detna stranica\",\"item\":\"https:\/\/doublecare.violeta.com\/sl\/\"},{\"@type\":\"ListItem\",\"position\":2,\"name\":\"Premium Otro\u0161ki Vla\u017eilni Rob\u010dki\"}]},{\"@type\":\"WebSite\",\"@id\":\"https:\/\/doublecare.violeta.com\/#website\",\"url\":\"https:\/\/doublecare.violeta.com\/\",\"name\":\"Violeta Double Care\",\"description\":\"Just another WordPress site\",\"potentialAction\":[{\"@type\":\"SearchAction\",\"target\":{\"@type\":\"EntryPoint\",\"urlTemplate\":\"https:\/\/doublecare.violeta.com\/?s={search_term_string}\"},\"query-input\":\"required name=search_term_string\"}],\"inLanguage\":\"sl-SI\"}]}<\/script>\n<!-- \/ Yoast SEO plugin. -->","yoast_head_json":{"title":"Premium Otro\u0161ki  Vla\u017eilni Rob\u010dki - Violeta Double Care","robots":{"index":"index","follow":"follow","max-snippet":"max-snippet:-1","max-image-preview":"max-image-preview:large","max-video-preview":"max-video-preview:-1"},"canonical":"https:\/\/doublecare.violeta.com\/sl\/product\/premium-otroski-vlazilni-robcki\/","og_locale":"sl_SI","og_type":"article","og_title":"Premium Otro\u0161ki  Vla\u017eilni Rob\u010dki - Violeta Double Care","og_description":"Dojen\u010dkova ko\u017ea je kar 5x tanj\u0161a od odrasle in nima tako dobro razvitih obrambnih mehanizmov. Zato zahteva najvi\u0161jo stopnjo \u010disto\u010de. S tem v mislih smo ustvarili nove, \u0161e mehkej\u0161e Premium otro\u0161ke vla\u017eilne rob\u010dke.","og_url":"https:\/\/doublecare.violeta.com\/sl\/product\/premium-otroski-vlazilni-robcki\/","og_site_name":"Violeta Double Care","article_modified_time":"2023-04-19T08:55:12+00:00","og_image":[{"width":456,"height":456,"url":"https:\/\/doublecare.violeta.com\/wp-content\/uploads\/2021\/02\/doublecare-5-times-filtered-water-claim-for-baby-bijele-maramice.webp","type":"image\/webp"}],"twitter_card":"summary_large_image","schema":{"@context":"https:\/\/schema.org","@graph":[{"@type":"WebPage","@id":"https:\/\/doublecare.violeta.com\/sl\/product\/premium-otroski-vlazilni-robcki\/","url":"https:\/\/doublecare.violeta.com\/sl\/product\/premium-otroski-vlazilni-robcki\/","name":"Premium Otro\u0161ki Vla\u017eilni Rob\u010dki - Violeta Double Care","isPartOf":{"@id":"https:\/\/doublecare.violeta.com\/#website"},"datePublished":"2021-02-12T13:39:09+00:00","dateModified":"2023-04-19T08:55:12+00:00","breadcrumb":{"@id":"https:\/\/doublecare.violeta.com\/sl\/product\/premium-otroski-vlazilni-robcki\/#breadcrumb"},"inLanguage":"sl-SI","potentialAction":[{"@type":"ReadAction","target":["https:\/\/doublecare.violeta.com\/sl\/product\/premium-otroski-vlazilni-robcki\/"]}]},{"@type":"BreadcrumbList","@id":"https:\/\/doublecare.violeta.com\/sl\/product\/premium-otroski-vlazilni-robcki\/#breadcrumb","itemListElement":[{"@type":"ListItem","position":1,"name":"Po\u010detna stranica","item":"https:\/\/doublecare.violeta.com\/sl\/"},{"@type":"ListItem","position":2,"name":"Premium Otro\u0161ki Vla\u017eilni Rob\u010dki"}]},{"@type":"WebSite","@id":"https:\/\/doublecare.violeta.com\/#website","url":"https:\/\/doublecare.violeta.com\/","name":"Violeta Double Care","description":"Just another WordPress site","potentialAction":[{"@type":"SearchAction","target":{"@type":"EntryPoint","urlTemplate":"https:\/\/doublecare.violeta.com\/?s={search_term_string}"},"query-input":"required name=search_term_string"}],"inLanguage":"sl-SI"}]}},"_links":{"self":[{"href":"https:\/\/doublecare.violeta.com\/sl\/wp-json\/wp\/v2\/product\/2016"}],"collection":[{"href":"https:\/\/doublecare.violeta.com\/sl\/wp-json\/wp\/v2\/product"}],"about":[{"href":"https:\/\/doublecare.violeta.com\/sl\/wp-json\/wp\/v2\/types\/product"}],"wp:featuredmedia":[{"embeddable":true,"href":"https:\/\/doublecare.violeta.com\/sl\/wp-json\/wp\/v2\/media\/4709"}],"wp:attachment":[{"href":"https:\/\/doublecare.violeta.com\/sl\/wp-json\/wp\/v2\/media?parent=2016"}],"curies":[{"name":"wp","href":"https:\/\/api.w.org\/{rel}","templated":true}]}}