{"id":1286,"date":"2021-01-14T09:36:25","date_gmt":"2021-01-14T09:36:25","guid":{"rendered":"https:\/\/violeta.ea93.work\/wecare\/product\/premium-cotton-pelene\/"},"modified":"2025-02-20T12:59:41","modified_gmt":"2025-02-20T12:59:41","slug":"cotton-premium-plenice","status":"publish","type":"product","link":"https:\/\/doublecare.violeta.com\/sl\/product\/cotton-premium-plenice\/","title":{"rendered":"Cotton Premium <BR> Plenice"},"content":{"rendered":"","protected":false},"excerpt":{"rendered":"<p>Nova linija plenic, pri katerih bodo mal\u010dki opazili razliko! S kombinacijo Air Dry tehnologije in pravega bomba\u017ea smo ustvarili plenico z ve\u010d kot 700 ultra vpojnimi, mehkimi blazinicami, ki zmanj\u0161ajo povr\u0161ino stika ko\u017ee s plenico in tako omogo\u010dijo su\u0161enje v nekaj sekundah. <\/p>\n","protected":false},"featured_media":6388,"parent":0,"menu_order":2,"template":"","acf":[],"yoast_head":"<!-- This site is optimized with the Yoast SEO plugin v21.0 - https:\/\/yoast.com\/wordpress\/plugins\/seo\/ -->\n<title>Cotton Premium  Plenice - Violeta Double Care<\/title>\n<meta name=\"robots\" content=\"index, follow, max-snippet:-1, max-image-preview:large, max-video-preview:-1\" \/>\n<link rel=\"canonical\" href=\"https:\/\/doublecare.violeta.com\/sl\/product\/cotton-premium-plenice\/\" \/>\n<meta property=\"og:locale\" content=\"sl_SI\" \/>\n<meta property=\"og:type\" content=\"article\" \/>\n<meta property=\"og:title\" content=\"Cotton Premium  Plenice - Violeta Double Care\" \/>\n<meta property=\"og:description\" content=\"Nova linija plenic, pri katerih bodo mal\u010dki opazili razliko! S kombinacijo Air Dry tehnologije in pravega bomba\u017ea smo ustvarili plenico z ve\u010d kot 700 ultra vpojnimi, mehkimi blazinicami, ki zmanj\u0161ajo povr\u0161ino stika ko\u017ee s plenico in tako omogo\u010dijo su\u0161enje v nekaj sekundah.\" \/>\n<meta property=\"og:url\" content=\"https:\/\/doublecare.violeta.com\/sl\/product\/cotton-premium-plenice\/\" \/>\n<meta property=\"og:site_name\" content=\"Violeta Double Care\" \/>\n<meta property=\"article:modified_time\" content=\"2025-02-20T12:59:41+00:00\" \/>\n<meta property=\"og:image\" content=\"https:\/\/doublecare.violeta.com\/wp-content\/uploads\/2021\/01\/WEB_BANNER_PREMIUM_PELENE_666Y634_FINAL_SCREEN_01_2025.png\" \/>\n\t<meta property=\"og:image:width\" content=\"666\" \/>\n\t<meta property=\"og:image:height\" content=\"634\" \/>\n\t<meta property=\"og:image:type\" content=\"image\/png\" \/>\n<meta name=\"twitter:card\" content=\"summary_large_image\" \/>\n<script type=\"application\/ld+json\" class=\"yoast-schema-graph\">{\"@context\":\"https:\/\/schema.org\",\"@graph\":[{\"@type\":\"WebPage\",\"@id\":\"https:\/\/doublecare.violeta.com\/sl\/product\/cotton-premium-plenice\/\",\"url\":\"https:\/\/doublecare.violeta.com\/sl\/product\/cotton-premium-plenice\/\",\"name\":\"Cotton Premium Plenice - Violeta Double Care\",\"isPartOf\":{\"@id\":\"https:\/\/doublecare.violeta.com\/#website\"},\"datePublished\":\"2021-01-14T09:36:25+00:00\",\"dateModified\":\"2025-02-20T12:59:41+00:00\",\"breadcrumb\":{\"@id\":\"https:\/\/doublecare.violeta.com\/sl\/product\/cotton-premium-plenice\/#breadcrumb\"},\"inLanguage\":\"sl-SI\",\"potentialAction\":[{\"@type\":\"ReadAction\",\"target\":[\"https:\/\/doublecare.violeta.com\/sl\/product\/cotton-premium-plenice\/\"]}]},{\"@type\":\"BreadcrumbList\",\"@id\":\"https:\/\/doublecare.violeta.com\/sl\/product\/cotton-premium-plenice\/#breadcrumb\",\"itemListElement\":[{\"@type\":\"ListItem\",\"position\":1,\"name\":\"Po\u010detna stranica\",\"item\":\"https:\/\/doublecare.violeta.com\/sl\/\"},{\"@type\":\"ListItem\",\"position\":2,\"name\":\"Cotton Premium Plenice\"}]},{\"@type\":\"WebSite\",\"@id\":\"https:\/\/doublecare.violeta.com\/#website\",\"url\":\"https:\/\/doublecare.violeta.com\/\",\"name\":\"Violeta Double Care\",\"description\":\"Just another WordPress site\",\"potentialAction\":[{\"@type\":\"SearchAction\",\"target\":{\"@type\":\"EntryPoint\",\"urlTemplate\":\"https:\/\/doublecare.violeta.com\/?s={search_term_string}\"},\"query-input\":\"required name=search_term_string\"}],\"inLanguage\":\"sl-SI\"}]}<\/script>\n<!-- \/ Yoast SEO plugin. -->","yoast_head_json":{"title":"Cotton Premium  Plenice - Violeta Double Care","robots":{"index":"index","follow":"follow","max-snippet":"max-snippet:-1","max-image-preview":"max-image-preview:large","max-video-preview":"max-video-preview:-1"},"canonical":"https:\/\/doublecare.violeta.com\/sl\/product\/cotton-premium-plenice\/","og_locale":"sl_SI","og_type":"article","og_title":"Cotton Premium  Plenice - Violeta Double Care","og_description":"Nova linija plenic, pri katerih bodo mal\u010dki opazili razliko! S kombinacijo Air Dry tehnologije in pravega bomba\u017ea smo ustvarili plenico z ve\u010d kot 700 ultra vpojnimi, mehkimi blazinicami, ki zmanj\u0161ajo povr\u0161ino stika ko\u017ee s plenico in tako omogo\u010dijo su\u0161enje v nekaj sekundah.","og_url":"https:\/\/doublecare.violeta.com\/sl\/product\/cotton-premium-plenice\/","og_site_name":"Violeta Double Care","article_modified_time":"2025-02-20T12:59:41+00:00","og_image":[{"width":666,"height":634,"url":"https:\/\/doublecare.violeta.com\/wp-content\/uploads\/2021\/01\/WEB_BANNER_PREMIUM_PELENE_666Y634_FINAL_SCREEN_01_2025.png","type":"image\/png"}],"twitter_card":"summary_large_image","schema":{"@context":"https:\/\/schema.org","@graph":[{"@type":"WebPage","@id":"https:\/\/doublecare.violeta.com\/sl\/product\/cotton-premium-plenice\/","url":"https:\/\/doublecare.violeta.com\/sl\/product\/cotton-premium-plenice\/","name":"Cotton Premium Plenice - Violeta Double Care","isPartOf":{"@id":"https:\/\/doublecare.violeta.com\/#website"},"datePublished":"2021-01-14T09:36:25+00:00","dateModified":"2025-02-20T12:59:41+00:00","breadcrumb":{"@id":"https:\/\/doublecare.violeta.com\/sl\/product\/cotton-premium-plenice\/#breadcrumb"},"inLanguage":"sl-SI","potentialAction":[{"@type":"ReadAction","target":["https:\/\/doublecare.violeta.com\/sl\/product\/cotton-premium-plenice\/"]}]},{"@type":"BreadcrumbList","@id":"https:\/\/doublecare.violeta.com\/sl\/product\/cotton-premium-plenice\/#breadcrumb","itemListElement":[{"@type":"ListItem","position":1,"name":"Po\u010detna stranica","item":"https:\/\/doublecare.violeta.com\/sl\/"},{"@type":"ListItem","position":2,"name":"Cotton Premium Plenice"}]},{"@type":"WebSite","@id":"https:\/\/doublecare.violeta.com\/#website","url":"https:\/\/doublecare.violeta.com\/","name":"Violeta Double Care","description":"Just another WordPress site","potentialAction":[{"@type":"SearchAction","target":{"@type":"EntryPoint","urlTemplate":"https:\/\/doublecare.violeta.com\/?s={search_term_string}"},"query-input":"required name=search_term_string"}],"inLanguage":"sl-SI"}]}},"_links":{"self":[{"href":"https:\/\/doublecare.violeta.com\/sl\/wp-json\/wp\/v2\/product\/1286"}],"collection":[{"href":"https:\/\/doublecare.violeta.com\/sl\/wp-json\/wp\/v2\/product"}],"about":[{"href":"https:\/\/doublecare.violeta.com\/sl\/wp-json\/wp\/v2\/types\/product"}],"wp:featuredmedia":[{"embeddable":true,"href":"https:\/\/doublecare.violeta.com\/sl\/wp-json\/wp\/v2\/media\/6388"}],"wp:attachment":[{"href":"https:\/\/doublecare.violeta.com\/sl\/wp-json\/wp\/v2\/media?parent=1286"}],"curies":[{"name":"wp","href":"https:\/\/api.w.org\/{rel}","templated":true}]}}