{"id":1283,"date":"2021-01-14T15:02:02","date_gmt":"2021-01-14T15:02:02","guid":{"rendered":"https:\/\/violeta.ea93.work\/wecare\/?post_type=product&#038;p=1283"},"modified":"2021-12-09T07:53:58","modified_gmt":"2021-12-09T07:53:58","slug":"otroski-mehcalec-in-gel-za-pranje-perila","status":"publish","type":"product","link":"https:\/\/doublecare.violeta.com\/sl\/product\/otroski-mehcalec-in-gel-za-pranje-perila\/","title":{"rendered":"Otro\u0161ki Meh\u010dalec in <br> Gel za Pranje Perila"},"content":{"rendered":"","protected":false},"excerpt":{"rendered":"<p>Ne\u017eno, a u\u010dinkovito odstrani made\u017ee z otro\u0161kih obla\u010dil. Formula s 5-krat filtrirano vodo in negujo\u010dimi meh\u010dalnimi micelami zagotavlja optimalno nego vlaken otro\u0161kih obla\u010dil, hkrati pa je varna in se lahko uporablja brez strahu, da bo ko\u017ea va\u0161ega dojen\u010dka izpostavljena agresivnim kemikalijam.<\/p>\n","protected":false},"featured_media":4625,"parent":0,"menu_order":9,"template":"","acf":[],"yoast_head":"<!-- This site is optimized with the Yoast SEO plugin v21.0 - https:\/\/yoast.com\/wordpress\/plugins\/seo\/ -->\n<title>Otro\u0161ki Meh\u010dalec in  Gel za Pranje Perila - Violeta Double Care<\/title>\n<meta name=\"robots\" content=\"index, follow, max-snippet:-1, max-image-preview:large, max-video-preview:-1\" \/>\n<link rel=\"canonical\" href=\"https:\/\/doublecare.violeta.com\/sl\/product\/otroski-mehcalec-in-gel-za-pranje-perila\/\" \/>\n<meta property=\"og:locale\" content=\"sl_SI\" \/>\n<meta property=\"og:type\" content=\"article\" \/>\n<meta property=\"og:title\" content=\"Otro\u0161ki Meh\u010dalec in  Gel za Pranje Perila - Violeta Double Care\" \/>\n<meta property=\"og:description\" content=\"Ne\u017eno, a u\u010dinkovito odstrani made\u017ee z otro\u0161kih obla\u010dil. Formula s 5-krat filtrirano vodo in negujo\u010dimi meh\u010dalnimi micelami zagotavlja optimalno nego vlaken otro\u0161kih obla\u010dil, hkrati pa je varna in se lahko uporablja brez strahu, da bo ko\u017ea va\u0161ega dojen\u010dka izpostavljena agresivnim kemikalijam.\" \/>\n<meta property=\"og:url\" content=\"https:\/\/doublecare.violeta.com\/sl\/product\/otroski-mehcalec-in-gel-za-pranje-perila\/\" \/>\n<meta property=\"og:site_name\" content=\"Violeta Double Care\" \/>\n<meta property=\"article:modified_time\" content=\"2021-12-09T07:53:58+00:00\" \/>\n<meta property=\"og:image\" content=\"https:\/\/doublecare.violeta.com\/wp-content\/uploads\/2021\/01\/baby-omeksivac-double-care-bottle-images-with-soft-toy.webp\" \/>\n\t<meta property=\"og:image:width\" content=\"456\" \/>\n\t<meta property=\"og:image:height\" content=\"456\" \/>\n\t<meta property=\"og:image:type\" content=\"image\/webp\" \/>\n<meta name=\"twitter:card\" content=\"summary_large_image\" \/>\n<script type=\"application\/ld+json\" class=\"yoast-schema-graph\">{\"@context\":\"https:\/\/schema.org\",\"@graph\":[{\"@type\":\"WebPage\",\"@id\":\"https:\/\/doublecare.violeta.com\/sl\/product\/otroski-mehcalec-in-gel-za-pranje-perila\/\",\"url\":\"https:\/\/doublecare.violeta.com\/sl\/product\/otroski-mehcalec-in-gel-za-pranje-perila\/\",\"name\":\"Otro\u0161ki Meh\u010dalec in Gel za Pranje Perila - Violeta Double Care\",\"isPartOf\":{\"@id\":\"https:\/\/doublecare.violeta.com\/#website\"},\"datePublished\":\"2021-01-14T15:02:02+00:00\",\"dateModified\":\"2021-12-09T07:53:58+00:00\",\"breadcrumb\":{\"@id\":\"https:\/\/doublecare.violeta.com\/sl\/product\/otroski-mehcalec-in-gel-za-pranje-perila\/#breadcrumb\"},\"inLanguage\":\"sl-SI\",\"potentialAction\":[{\"@type\":\"ReadAction\",\"target\":[\"https:\/\/doublecare.violeta.com\/sl\/product\/otroski-mehcalec-in-gel-za-pranje-perila\/\"]}]},{\"@type\":\"BreadcrumbList\",\"@id\":\"https:\/\/doublecare.violeta.com\/sl\/product\/otroski-mehcalec-in-gel-za-pranje-perila\/#breadcrumb\",\"itemListElement\":[{\"@type\":\"ListItem\",\"position\":1,\"name\":\"Po\u010detna stranica\",\"item\":\"https:\/\/doublecare.violeta.com\/sl\/\"},{\"@type\":\"ListItem\",\"position\":2,\"name\":\"Otro\u0161ki Meh\u010dalec in Gel za Pranje Perila\"}]},{\"@type\":\"WebSite\",\"@id\":\"https:\/\/doublecare.violeta.com\/#website\",\"url\":\"https:\/\/doublecare.violeta.com\/\",\"name\":\"Violeta Double Care\",\"description\":\"Just another WordPress site\",\"potentialAction\":[{\"@type\":\"SearchAction\",\"target\":{\"@type\":\"EntryPoint\",\"urlTemplate\":\"https:\/\/doublecare.violeta.com\/?s={search_term_string}\"},\"query-input\":\"required name=search_term_string\"}],\"inLanguage\":\"sl-SI\"}]}<\/script>\n<!-- \/ Yoast SEO plugin. -->","yoast_head_json":{"title":"Otro\u0161ki Meh\u010dalec in  Gel za Pranje Perila - Violeta Double Care","robots":{"index":"index","follow":"follow","max-snippet":"max-snippet:-1","max-image-preview":"max-image-preview:large","max-video-preview":"max-video-preview:-1"},"canonical":"https:\/\/doublecare.violeta.com\/sl\/product\/otroski-mehcalec-in-gel-za-pranje-perila\/","og_locale":"sl_SI","og_type":"article","og_title":"Otro\u0161ki Meh\u010dalec in  Gel za Pranje Perila - Violeta Double Care","og_description":"Ne\u017eno, a u\u010dinkovito odstrani made\u017ee z otro\u0161kih obla\u010dil. Formula s 5-krat filtrirano vodo in negujo\u010dimi meh\u010dalnimi micelami zagotavlja optimalno nego vlaken otro\u0161kih obla\u010dil, hkrati pa je varna in se lahko uporablja brez strahu, da bo ko\u017ea va\u0161ega dojen\u010dka izpostavljena agresivnim kemikalijam.","og_url":"https:\/\/doublecare.violeta.com\/sl\/product\/otroski-mehcalec-in-gel-za-pranje-perila\/","og_site_name":"Violeta Double Care","article_modified_time":"2021-12-09T07:53:58+00:00","og_image":[{"width":456,"height":456,"url":"https:\/\/doublecare.violeta.com\/wp-content\/uploads\/2021\/01\/baby-omeksivac-double-care-bottle-images-with-soft-toy.webp","type":"image\/webp"}],"twitter_card":"summary_large_image","schema":{"@context":"https:\/\/schema.org","@graph":[{"@type":"WebPage","@id":"https:\/\/doublecare.violeta.com\/sl\/product\/otroski-mehcalec-in-gel-za-pranje-perila\/","url":"https:\/\/doublecare.violeta.com\/sl\/product\/otroski-mehcalec-in-gel-za-pranje-perila\/","name":"Otro\u0161ki Meh\u010dalec in Gel za Pranje Perila - Violeta Double Care","isPartOf":{"@id":"https:\/\/doublecare.violeta.com\/#website"},"datePublished":"2021-01-14T15:02:02+00:00","dateModified":"2021-12-09T07:53:58+00:00","breadcrumb":{"@id":"https:\/\/doublecare.violeta.com\/sl\/product\/otroski-mehcalec-in-gel-za-pranje-perila\/#breadcrumb"},"inLanguage":"sl-SI","potentialAction":[{"@type":"ReadAction","target":["https:\/\/doublecare.violeta.com\/sl\/product\/otroski-mehcalec-in-gel-za-pranje-perila\/"]}]},{"@type":"BreadcrumbList","@id":"https:\/\/doublecare.violeta.com\/sl\/product\/otroski-mehcalec-in-gel-za-pranje-perila\/#breadcrumb","itemListElement":[{"@type":"ListItem","position":1,"name":"Po\u010detna stranica","item":"https:\/\/doublecare.violeta.com\/sl\/"},{"@type":"ListItem","position":2,"name":"Otro\u0161ki Meh\u010dalec in Gel za Pranje Perila"}]},{"@type":"WebSite","@id":"https:\/\/doublecare.violeta.com\/#website","url":"https:\/\/doublecare.violeta.com\/","name":"Violeta Double Care","description":"Just another WordPress site","potentialAction":[{"@type":"SearchAction","target":{"@type":"EntryPoint","urlTemplate":"https:\/\/doublecare.violeta.com\/?s={search_term_string}"},"query-input":"required name=search_term_string"}],"inLanguage":"sl-SI"}]}},"_links":{"self":[{"href":"https:\/\/doublecare.violeta.com\/sl\/wp-json\/wp\/v2\/product\/1283"}],"collection":[{"href":"https:\/\/doublecare.violeta.com\/sl\/wp-json\/wp\/v2\/product"}],"about":[{"href":"https:\/\/doublecare.violeta.com\/sl\/wp-json\/wp\/v2\/types\/product"}],"wp:featuredmedia":[{"embeddable":true,"href":"https:\/\/doublecare.violeta.com\/sl\/wp-json\/wp\/v2\/media\/4625"}],"wp:attachment":[{"href":"https:\/\/doublecare.violeta.com\/sl\/wp-json\/wp\/v2\/media?parent=1283"}],"curies":[{"name":"wp","href":"https:\/\/api.w.org\/{rel}","templated":true}]}}