{"id":1274,"date":"2021-01-14T09:23:54","date_gmt":"2021-01-14T09:23:54","guid":{"rendered":"https:\/\/violeta.ea93.work\/wecare\/product\/cotton-pelene-gacice\/"},"modified":"2023-05-26T09:17:51","modified_gmt":"2023-05-26T09:17:51","slug":"air-dry-hlacne-plenice","status":"publish","type":"product","link":"https:\/\/doublecare.violeta.com\/sl\/product\/air-dry-hlacne-plenice\/","title":{"rendered":"Hla\u010dne <br> Plenice"},"content":{"rendered":"","protected":false},"excerpt":{"rendered":"<p>Prisluhnili smo potrebam star\u0161ev, ki \u017eelijo, da bi njihovi otroci odra\u0161\u010dali z izdelki najvi\u0161je kakovosti. Zato smo razvili na\u0161e  hla\u010dne plenice. Tako ne\u017ene in mehke, da bodo imeli mal\u010dki ob\u010dutek, da sedijo na oblaku.<\/p>\n","protected":false},"featured_media":4232,"parent":0,"menu_order":3,"template":"","acf":[],"yoast_head":"<!-- This site is optimized with the Yoast SEO plugin v21.0 - https:\/\/yoast.com\/wordpress\/plugins\/seo\/ -->\n<title>Hla\u010dne  Plenice - Violeta Double Care<\/title>\n<meta name=\"robots\" content=\"index, follow, max-snippet:-1, max-image-preview:large, max-video-preview:-1\" \/>\n<link rel=\"canonical\" href=\"https:\/\/doublecare.violeta.com\/sl\/product\/air-dry-hlacne-plenice\/\" \/>\n<meta property=\"og:locale\" content=\"sl_SI\" \/>\n<meta property=\"og:type\" content=\"article\" \/>\n<meta property=\"og:title\" content=\"Hla\u010dne  Plenice - Violeta Double Care\" \/>\n<meta property=\"og:description\" content=\"Prisluhnili smo potrebam star\u0161ev, ki \u017eelijo, da bi njihovi otroci odra\u0161\u010dali z izdelki najvi\u0161je kakovosti. Zato smo razvili na\u0161e hla\u010dne plenice. Tako ne\u017ene in mehke, da bodo imeli mal\u010dki ob\u010dutek, da sedijo na oblaku.\" \/>\n<meta property=\"og:url\" content=\"https:\/\/doublecare.violeta.com\/sl\/product\/air-dry-hlacne-plenice\/\" \/>\n<meta property=\"og:site_name\" content=\"Violeta Double Care\" \/>\n<meta property=\"article:modified_time\" content=\"2023-05-26T09:17:51+00:00\" \/>\n<meta property=\"og:image\" content=\"https:\/\/doublecare.violeta.com\/wp-content\/uploads\/2021\/01\/pelene-gacice.png\" \/>\n\t<meta property=\"og:image:width\" content=\"644\" \/>\n\t<meta property=\"og:image:height\" content=\"591\" \/>\n\t<meta property=\"og:image:type\" content=\"image\/png\" \/>\n<meta name=\"twitter:card\" content=\"summary_large_image\" \/>\n<script type=\"application\/ld+json\" class=\"yoast-schema-graph\">{\"@context\":\"https:\/\/schema.org\",\"@graph\":[{\"@type\":\"WebPage\",\"@id\":\"https:\/\/doublecare.violeta.com\/sl\/product\/air-dry-hlacne-plenice\/\",\"url\":\"https:\/\/doublecare.violeta.com\/sl\/product\/air-dry-hlacne-plenice\/\",\"name\":\"Hla\u010dne Plenice - Violeta Double Care\",\"isPartOf\":{\"@id\":\"https:\/\/doublecare.violeta.com\/#website\"},\"datePublished\":\"2021-01-14T09:23:54+00:00\",\"dateModified\":\"2023-05-26T09:17:51+00:00\",\"breadcrumb\":{\"@id\":\"https:\/\/doublecare.violeta.com\/sl\/product\/air-dry-hlacne-plenice\/#breadcrumb\"},\"inLanguage\":\"sl-SI\",\"potentialAction\":[{\"@type\":\"ReadAction\",\"target\":[\"https:\/\/doublecare.violeta.com\/sl\/product\/air-dry-hlacne-plenice\/\"]}]},{\"@type\":\"BreadcrumbList\",\"@id\":\"https:\/\/doublecare.violeta.com\/sl\/product\/air-dry-hlacne-plenice\/#breadcrumb\",\"itemListElement\":[{\"@type\":\"ListItem\",\"position\":1,\"name\":\"Po\u010detna stranica\",\"item\":\"https:\/\/doublecare.violeta.com\/sl\/\"},{\"@type\":\"ListItem\",\"position\":2,\"name\":\"Hla\u010dne Plenice\"}]},{\"@type\":\"WebSite\",\"@id\":\"https:\/\/doublecare.violeta.com\/#website\",\"url\":\"https:\/\/doublecare.violeta.com\/\",\"name\":\"Violeta Double Care\",\"description\":\"Just another WordPress site\",\"potentialAction\":[{\"@type\":\"SearchAction\",\"target\":{\"@type\":\"EntryPoint\",\"urlTemplate\":\"https:\/\/doublecare.violeta.com\/?s={search_term_string}\"},\"query-input\":\"required name=search_term_string\"}],\"inLanguage\":\"sl-SI\"}]}<\/script>\n<!-- \/ Yoast SEO plugin. -->","yoast_head_json":{"title":"Hla\u010dne  Plenice - Violeta Double Care","robots":{"index":"index","follow":"follow","max-snippet":"max-snippet:-1","max-image-preview":"max-image-preview:large","max-video-preview":"max-video-preview:-1"},"canonical":"https:\/\/doublecare.violeta.com\/sl\/product\/air-dry-hlacne-plenice\/","og_locale":"sl_SI","og_type":"article","og_title":"Hla\u010dne  Plenice - Violeta Double Care","og_description":"Prisluhnili smo potrebam star\u0161ev, ki \u017eelijo, da bi njihovi otroci odra\u0161\u010dali z izdelki najvi\u0161je kakovosti. Zato smo razvili na\u0161e hla\u010dne plenice. Tako ne\u017ene in mehke, da bodo imeli mal\u010dki ob\u010dutek, da sedijo na oblaku.","og_url":"https:\/\/doublecare.violeta.com\/sl\/product\/air-dry-hlacne-plenice\/","og_site_name":"Violeta Double Care","article_modified_time":"2023-05-26T09:17:51+00:00","og_image":[{"width":644,"height":591,"url":"https:\/\/doublecare.violeta.com\/wp-content\/uploads\/2021\/01\/pelene-gacice.png","type":"image\/png"}],"twitter_card":"summary_large_image","schema":{"@context":"https:\/\/schema.org","@graph":[{"@type":"WebPage","@id":"https:\/\/doublecare.violeta.com\/sl\/product\/air-dry-hlacne-plenice\/","url":"https:\/\/doublecare.violeta.com\/sl\/product\/air-dry-hlacne-plenice\/","name":"Hla\u010dne Plenice - Violeta Double Care","isPartOf":{"@id":"https:\/\/doublecare.violeta.com\/#website"},"datePublished":"2021-01-14T09:23:54+00:00","dateModified":"2023-05-26T09:17:51+00:00","breadcrumb":{"@id":"https:\/\/doublecare.violeta.com\/sl\/product\/air-dry-hlacne-plenice\/#breadcrumb"},"inLanguage":"sl-SI","potentialAction":[{"@type":"ReadAction","target":["https:\/\/doublecare.violeta.com\/sl\/product\/air-dry-hlacne-plenice\/"]}]},{"@type":"BreadcrumbList","@id":"https:\/\/doublecare.violeta.com\/sl\/product\/air-dry-hlacne-plenice\/#breadcrumb","itemListElement":[{"@type":"ListItem","position":1,"name":"Po\u010detna stranica","item":"https:\/\/doublecare.violeta.com\/sl\/"},{"@type":"ListItem","position":2,"name":"Hla\u010dne Plenice"}]},{"@type":"WebSite","@id":"https:\/\/doublecare.violeta.com\/#website","url":"https:\/\/doublecare.violeta.com\/","name":"Violeta Double Care","description":"Just another WordPress site","potentialAction":[{"@type":"SearchAction","target":{"@type":"EntryPoint","urlTemplate":"https:\/\/doublecare.violeta.com\/?s={search_term_string}"},"query-input":"required name=search_term_string"}],"inLanguage":"sl-SI"}]}},"_links":{"self":[{"href":"https:\/\/doublecare.violeta.com\/sl\/wp-json\/wp\/v2\/product\/1274"}],"collection":[{"href":"https:\/\/doublecare.violeta.com\/sl\/wp-json\/wp\/v2\/product"}],"about":[{"href":"https:\/\/doublecare.violeta.com\/sl\/wp-json\/wp\/v2\/types\/product"}],"wp:featuredmedia":[{"embeddable":true,"href":"https:\/\/doublecare.violeta.com\/sl\/wp-json\/wp\/v2\/media\/4232"}],"wp:attachment":[{"href":"https:\/\/doublecare.violeta.com\/sl\/wp-json\/wp\/v2\/media?parent=1274"}],"curies":[{"name":"wp","href":"https:\/\/api.w.org\/{rel}","templated":true}]}}