{"id":1270,"date":"2021-01-14T09:16:56","date_gmt":"2021-01-14T09:16:56","guid":{"rendered":"https:\/\/violeta.ea93.work\/wecare\/product\/air-dry-pelene\/"},"modified":"2025-02-20T12:57:33","modified_gmt":"2025-02-20T12:57:33","slug":"air-dry-plenice","status":"publish","type":"product","link":"https:\/\/doublecare.violeta.com\/sl\/product\/air-dry-plenice\/","title":{"rendered":"Air Dry <BR> Plenice"},"content":{"rendered":"","protected":false},"excerpt":{"rendered":"<p>Prve plenice v Evropi, izdelane z inovativno tehnologijo AIR DRY, posebej ustvarjene, da omogo\u010dajo hitro vpijanje in ohranjajo otro\u0161ko ko\u017eo suho. Zahvaljujo\u010d japonski tehnologiji je stik dojen\u010dkove ko\u017ee s povr\u0161ino plenice zmanj\u0161an za vsaj 50 %. Zaradi tega je ko\u017ea dlje \u010dasa suha in brez rde\u010dice ter dra\u017eenja.<\/p>\n","protected":false},"featured_media":6385,"parent":0,"menu_order":1,"template":"","acf":[],"yoast_head":"<!-- This site is optimized with the Yoast SEO plugin v21.0 - https:\/\/yoast.com\/wordpress\/plugins\/seo\/ -->\n<title>Air Dry  Plenice - Violeta Double Care<\/title>\n<meta name=\"robots\" content=\"index, follow, max-snippet:-1, max-image-preview:large, max-video-preview:-1\" \/>\n<link rel=\"canonical\" href=\"https:\/\/doublecare.violeta.com\/sl\/product\/air-dry-plenice\/\" \/>\n<meta property=\"og:locale\" content=\"sl_SI\" \/>\n<meta property=\"og:type\" content=\"article\" \/>\n<meta property=\"og:title\" content=\"Air Dry  Plenice - Violeta Double Care\" \/>\n<meta property=\"og:description\" content=\"Prve plenice v Evropi, izdelane z inovativno tehnologijo AIR DRY, posebej ustvarjene, da omogo\u010dajo hitro vpijanje in ohranjajo otro\u0161ko ko\u017eo suho. Zahvaljujo\u010d japonski tehnologiji je stik dojen\u010dkove ko\u017ee s povr\u0161ino plenice zmanj\u0161an za vsaj 50 %. Zaradi tega je ko\u017ea dlje \u010dasa suha in brez rde\u010dice ter dra\u017eenja.\" \/>\n<meta property=\"og:url\" content=\"https:\/\/doublecare.violeta.com\/sl\/product\/air-dry-plenice\/\" \/>\n<meta property=\"og:site_name\" content=\"Violeta Double Care\" \/>\n<meta property=\"article:modified_time\" content=\"2025-02-20T12:57:33+00:00\" \/>\n<meta property=\"og:image\" content=\"https:\/\/doublecare.violeta.com\/wp-content\/uploads\/2021\/01\/WEB_BANNER_AIR_DRY_PELENE_644X589_FINAL_SCREEN_01_2025.png\" \/>\n\t<meta property=\"og:image:width\" content=\"644\" \/>\n\t<meta property=\"og:image:height\" content=\"589\" \/>\n\t<meta property=\"og:image:type\" content=\"image\/png\" \/>\n<meta name=\"twitter:card\" content=\"summary_large_image\" \/>\n<script type=\"application\/ld+json\" class=\"yoast-schema-graph\">{\"@context\":\"https:\/\/schema.org\",\"@graph\":[{\"@type\":\"WebPage\",\"@id\":\"https:\/\/doublecare.violeta.com\/sl\/product\/air-dry-plenice\/\",\"url\":\"https:\/\/doublecare.violeta.com\/sl\/product\/air-dry-plenice\/\",\"name\":\"Air Dry Plenice - Violeta Double Care\",\"isPartOf\":{\"@id\":\"https:\/\/doublecare.violeta.com\/#website\"},\"datePublished\":\"2021-01-14T09:16:56+00:00\",\"dateModified\":\"2025-02-20T12:57:33+00:00\",\"breadcrumb\":{\"@id\":\"https:\/\/doublecare.violeta.com\/sl\/product\/air-dry-plenice\/#breadcrumb\"},\"inLanguage\":\"sl-SI\",\"potentialAction\":[{\"@type\":\"ReadAction\",\"target\":[\"https:\/\/doublecare.violeta.com\/sl\/product\/air-dry-plenice\/\"]}]},{\"@type\":\"BreadcrumbList\",\"@id\":\"https:\/\/doublecare.violeta.com\/sl\/product\/air-dry-plenice\/#breadcrumb\",\"itemListElement\":[{\"@type\":\"ListItem\",\"position\":1,\"name\":\"Po\u010detna stranica\",\"item\":\"https:\/\/doublecare.violeta.com\/sl\/\"},{\"@type\":\"ListItem\",\"position\":2,\"name\":\"Air Dry Plenice\"}]},{\"@type\":\"WebSite\",\"@id\":\"https:\/\/doublecare.violeta.com\/#website\",\"url\":\"https:\/\/doublecare.violeta.com\/\",\"name\":\"Violeta Double Care\",\"description\":\"Just another WordPress site\",\"potentialAction\":[{\"@type\":\"SearchAction\",\"target\":{\"@type\":\"EntryPoint\",\"urlTemplate\":\"https:\/\/doublecare.violeta.com\/?s={search_term_string}\"},\"query-input\":\"required name=search_term_string\"}],\"inLanguage\":\"sl-SI\"}]}<\/script>\n<!-- \/ Yoast SEO plugin. -->","yoast_head_json":{"title":"Air Dry  Plenice - Violeta Double Care","robots":{"index":"index","follow":"follow","max-snippet":"max-snippet:-1","max-image-preview":"max-image-preview:large","max-video-preview":"max-video-preview:-1"},"canonical":"https:\/\/doublecare.violeta.com\/sl\/product\/air-dry-plenice\/","og_locale":"sl_SI","og_type":"article","og_title":"Air Dry  Plenice - Violeta Double Care","og_description":"Prve plenice v Evropi, izdelane z inovativno tehnologijo AIR DRY, posebej ustvarjene, da omogo\u010dajo hitro vpijanje in ohranjajo otro\u0161ko ko\u017eo suho. Zahvaljujo\u010d japonski tehnologiji je stik dojen\u010dkove ko\u017ee s povr\u0161ino plenice zmanj\u0161an za vsaj 50 %. Zaradi tega je ko\u017ea dlje \u010dasa suha in brez rde\u010dice ter dra\u017eenja.","og_url":"https:\/\/doublecare.violeta.com\/sl\/product\/air-dry-plenice\/","og_site_name":"Violeta Double Care","article_modified_time":"2025-02-20T12:57:33+00:00","og_image":[{"width":644,"height":589,"url":"https:\/\/doublecare.violeta.com\/wp-content\/uploads\/2021\/01\/WEB_BANNER_AIR_DRY_PELENE_644X589_FINAL_SCREEN_01_2025.png","type":"image\/png"}],"twitter_card":"summary_large_image","schema":{"@context":"https:\/\/schema.org","@graph":[{"@type":"WebPage","@id":"https:\/\/doublecare.violeta.com\/sl\/product\/air-dry-plenice\/","url":"https:\/\/doublecare.violeta.com\/sl\/product\/air-dry-plenice\/","name":"Air Dry Plenice - Violeta Double Care","isPartOf":{"@id":"https:\/\/doublecare.violeta.com\/#website"},"datePublished":"2021-01-14T09:16:56+00:00","dateModified":"2025-02-20T12:57:33+00:00","breadcrumb":{"@id":"https:\/\/doublecare.violeta.com\/sl\/product\/air-dry-plenice\/#breadcrumb"},"inLanguage":"sl-SI","potentialAction":[{"@type":"ReadAction","target":["https:\/\/doublecare.violeta.com\/sl\/product\/air-dry-plenice\/"]}]},{"@type":"BreadcrumbList","@id":"https:\/\/doublecare.violeta.com\/sl\/product\/air-dry-plenice\/#breadcrumb","itemListElement":[{"@type":"ListItem","position":1,"name":"Po\u010detna stranica","item":"https:\/\/doublecare.violeta.com\/sl\/"},{"@type":"ListItem","position":2,"name":"Air Dry Plenice"}]},{"@type":"WebSite","@id":"https:\/\/doublecare.violeta.com\/#website","url":"https:\/\/doublecare.violeta.com\/","name":"Violeta Double Care","description":"Just another WordPress site","potentialAction":[{"@type":"SearchAction","target":{"@type":"EntryPoint","urlTemplate":"https:\/\/doublecare.violeta.com\/?s={search_term_string}"},"query-input":"required name=search_term_string"}],"inLanguage":"sl-SI"}]}},"_links":{"self":[{"href":"https:\/\/doublecare.violeta.com\/sl\/wp-json\/wp\/v2\/product\/1270"}],"collection":[{"href":"https:\/\/doublecare.violeta.com\/sl\/wp-json\/wp\/v2\/product"}],"about":[{"href":"https:\/\/doublecare.violeta.com\/sl\/wp-json\/wp\/v2\/types\/product"}],"wp:featuredmedia":[{"embeddable":true,"href":"https:\/\/doublecare.violeta.com\/sl\/wp-json\/wp\/v2\/media\/6385"}],"wp:attachment":[{"href":"https:\/\/doublecare.violeta.com\/sl\/wp-json\/wp\/v2\/media?parent=1270"}],"curies":[{"name":"wp","href":"https:\/\/api.w.org\/{rel}","templated":true}]}}